{"id":277,"date":"2022-11-09T14:57:07","date_gmt":"2022-11-09T17:57:07","guid":{"rendered":"http:\/\/www.anpepro.org.br\/eppgep2023\/?page_id=277"},"modified":"2026-03-04T18:02:18","modified_gmt":"2026-03-04T21:02:18","slug":"local-do-evento","status":"publish","type":"page","link":"https:\/\/www.anpepro.org.br\/eppgep2026\/local-do-evento\/","title":{"rendered":"Local dos Eventos"},"content":{"rendered":"<h4>LOCAL DE REALIZA\u00c7\u00c3O<\/h4>\n<p>Local: Marante Executive Hotel<\/p>\n<p>Endere\u00e7o: Av. Eng. Domingos Ferreira, 668 &#8211; Boa Viagem, Recife &#8211; PE<\/p>\n<p>&nbsp;<\/p>\n<p><strong>COMUNICADOS GERAIS<\/strong><\/p>\n<ul>\n<li>Para maiores informa\u00e7\u00f5es, entrar em contato com a organiza\u00e7\u00e3o.\u00a0D\u00favidas podem ser encaminhadas para o email: eppgep.anpepro@gmail.com<\/li>\n<li>Teremos o maior prazer em atend\u00ea-los e orient\u00e1-los da melhor forma!<\/li>\n<\/ul>\n<p>&nbsp;<\/p>\n<p>&nbsp;<\/p>\n<p>&nbsp;<\/p>\n","protected":false},"excerpt":{"rendered":"<p>LOCAL DE REALIZA\u00c7\u00c3O Local: Marante Executive Hotel Endere\u00e7o: Av. Eng. Domingos Ferreira, 668 &#8211; Boa Viagem, Recife &#8211; PE &nbsp; COMUNICADOS GERAIS Para maiores informa\u00e7\u00f5es, entrar em contato com a organiza\u00e7\u00e3o.\u00a0D\u00favidas podem ser encaminhadas para o email: eppgep.anpepro@gmail.com Teremos o maior prazer em atend\u00ea-los e orient\u00e1-los da melhor forma! &nbsp; &nbsp; &nbsp;<\/p>\n","protected":false},"author":2,"featured_media":0,"parent":0,"menu_order":0,"comment_status":"closed","ping_status":"closed","template":"","meta":{"footnotes":""},"class_list":["post-277","page","type-page","status-publish","hentry"],"_links":{"self":[{"href":"https:\/\/www.anpepro.org.br\/eppgep2026\/wp-json\/wp\/v2\/pages\/277","targetHints":{"allow":["GET"]}}],"collection":[{"href":"https:\/\/www.anpepro.org.br\/eppgep2026\/wp-json\/wp\/v2\/pages"}],"about":[{"href":"https:\/\/www.anpepro.org.br\/eppgep2026\/wp-json\/wp\/v2\/types\/page"}],"author":[{"embeddable":true,"href":"https:\/\/www.anpepro.org.br\/eppgep2026\/wp-json\/wp\/v2\/users\/2"}],"replies":[{"embeddable":true,"href":"https:\/\/www.anpepro.org.br\/eppgep2026\/wp-json\/wp\/v2\/comments?post=277"}],"version-history":[{"count":41,"href":"https:\/\/www.anpepro.org.br\/eppgep2026\/wp-json\/wp\/v2\/pages\/277\/revisions"}],"predecessor-version":[{"id":676,"href":"https:\/\/www.anpepro.org.br\/eppgep2026\/wp-json\/wp\/v2\/pages\/277\/revisions\/676"}],"wp:attachment":[{"href":"https:\/\/www.anpepro.org.br\/eppgep2026\/wp-json\/wp\/v2\/media?parent=277"}],"curies":[{"name":"wp","href":"https:\/\/api.w.org\/{rel}","templated":true}]}}