{"id":277,"date":"2022-11-09T14:57:07","date_gmt":"2022-11-09T17:57:07","guid":{"rendered":"http:\/\/www.anpepro.org.br\/eppgep2023\/?page_id=277"},"modified":"2025-03-18T16:34:09","modified_gmt":"2025-03-18T19:34:09","slug":"local-do-evento","status":"publish","type":"page","link":"https:\/\/www.anpepro.org.br\/eppgep2025\/local-do-evento\/","title":{"rendered":"Local dos Eventos"},"content":{"rendered":"<h4>LOCAL DE REALIZA\u00c7\u00c3O<\/h4>\n<p>Local: UNISINOS Porto Alegre<\/p>\n<p>Endere\u00e7o: Avenida Dr. Nilo Pe\u00e7anha, 1600<br \/>\nBairro Boa Vista &#8211; Porto Alegre\/RS<br \/>\nCEP: 91.330-002<\/p>\n<ul>\n<li>A 5,4 km do aeroporto Salgado Filho (15 \u00a0min de carro).<\/li>\n<\/ul>\n<p>&nbsp;<\/p>\n<p>O acesso a Unisinos Porto Alegre deve ser realizado pela pr\u00f3pria Avenida Dr. Nilo Pe\u00e7anha.<\/p>\n<p>Estacionamento:<\/p>\n<ul>\n<li>H\u00e1 estacionamento pago no local, que pode ser acessado pela pr\u00f3pria Avenida Dr. Nilo Pe\u00e7anha, 1600.<\/li>\n<li>O acesso ao estacionamento \u00e9 liberado para o p\u00fablico em geral.<\/li>\n<li>O valor \u00e9 de R$ 20,00 por duas (2) horas, com uma cobran\u00e7a de R$ 5,00 por hora adicional.<\/li>\n<\/ul>\n<p>&nbsp;<\/p>\n<p><a href=\"https:\/\/www.unisinos.br\/mapa\/campus-porto-alegre\/?_gl=1*dkkzrv*_gcl_au*MTM0NzcxODg5Mi4xNzQyMjI4NTgz*_ga*MTY0NjM3MTI5OS4xNzQyMjI4NTg0*_ga_H36YE46SVB*MTc0MjIyODU4My4xLjAuMTc0MjIyODU4My42MC4wLjY1Njk5ODkzNg\"><strong>Mapa do Campus da Unisinos Porto Alegre<\/strong><\/a><\/p>\n<p><img loading=\"lazy\" decoding=\"async\" class=\"alignnone wp-image-611 size-full\" src=\"http:\/\/www.anpepro.org.br\/eppgep2025\/wp-content\/uploads\/2025\/03\/Mapa_Complexo.jpg\" alt=\"\" width=\"957\" height=\"971\" srcset=\"https:\/\/www.anpepro.org.br\/eppgep2025\/wp-content\/uploads\/2025\/03\/Mapa_Complexo.jpg 957w, https:\/\/www.anpepro.org.br\/eppgep2025\/wp-content\/uploads\/2025\/03\/Mapa_Complexo-296x300.jpg 296w, https:\/\/www.anpepro.org.br\/eppgep2025\/wp-content\/uploads\/2025\/03\/Mapa_Complexo-768x779.jpg 768w\" sizes=\"auto, (max-width: 957px) 100vw, 957px\" \/><\/p>\n<p><strong>HOT\u00c9IS<\/strong><\/p>\n<p>Sugerimos op\u00e7\u00f5es de hospedagem pr\u00f3ximas ao local do evento, nos seguintes hot\u00e9is:<\/p>\n<ul>\n<li>IBIS STYLE MOINHOS DE VENTO<\/li>\n<li>MASTER PORTO ALEGRE HOTEL<\/li>\n<li>HOLIDAY INN PORTO ALEGRE<\/li>\n<li>NOVOTEL PORTO ALEGRE TR\u00caS FIGUEIRAS<\/li>\n<\/ul>\n<p>&nbsp;<\/p>\n<p>Desejamos uma estadia agrad\u00e1vel em Porto Alegre!<\/p>\n<p>&nbsp;<\/p>\n<p><strong>TRANSPORTE PARA O LOCAL DO EVENTO<\/strong><\/p>\n<ul>\n<li><strong>UBER e 99\u00a0<\/strong>(aplicativos de transporte)<\/li>\n<\/ul>\n<p>&nbsp;<\/p>\n<p><strong>RESTAURANTES (DIVERSOS NAS PROXIMIDADES DO EVENTO)<\/strong><\/p>\n<p><strong>HAPPY HOUR (DIVERSOS NAS PROXIMIDADES DO EVENTO)<\/strong><\/p>\n<p>Algumas sugest\u00f5es s\u00e3o:<\/p>\n<ul>\n<li>360 POA GASTROBAR<\/li>\n<li>CAF\u00c9 DA CATEDRAL<\/li>\n<li>PIZZARIA NONO LUDOVICO<\/li>\n<li>PIZZARIA CARA DE MAU<\/li>\n<li>RESTAURANTE LE BATEAU IVRE<\/li>\n<li>CHURRASCARIA BARRANCO<\/li>\n<li>DIONISIA RESTAURANTE &amp; WINE BAR<\/li>\n<li>VILA ROUBADINHAS<\/li>\n<li>20BARRA9 IGUATEMI E PONTAL<\/li>\n<li>PEPPO CUCINA<\/li>\n<li>RESTAURANTE GAMBRINUS<\/li>\n<\/ul>\n<p>Al\u00e9m disso, sugerimos que conhe\u00e7am os bares e restaurantes na ruas Padre Chagas e Dinarte Ribeiro (duas ruas muito pr\u00f3ximas).<\/p>\n<p>&nbsp;<\/p>\n<p><strong>COMUNICADOS GERAIS<\/strong><\/p>\n<ul>\n<li>Para maiores informa\u00e7\u00f5es, entrar em contato com a organiza\u00e7\u00e3o.\u00a0D\u00favidas podem ser encaminhadas para o email: eppgep.anpepro@gmail.com<\/li>\n<li>Teremos o maior prazer em atend\u00ea-los e orient\u00e1-los da melhor forma!<\/li>\n<\/ul>\n<p>&nbsp;<\/p>\n<p>&nbsp;<\/p>\n<p>&nbsp;<\/p>\n","protected":false},"excerpt":{"rendered":"<p>LOCAL DE REALIZA\u00c7\u00c3O Local: UNISINOS Porto Alegre Endere\u00e7o: Avenida Dr. Nilo Pe\u00e7anha, 1600 Bairro Boa Vista &#8211; Porto Alegre\/RS CEP: 91.330-002 A 5,4 km do aeroporto Salgado Filho (15 \u00a0min de carro). &nbsp; O acesso a Unisinos Porto Alegre deve ser realizado pela pr\u00f3pria Avenida Dr. Nilo Pe\u00e7anha. Estacionamento: H\u00e1 estacionamento pago no local, que &hellip; <\/p>\n","protected":false},"author":2,"featured_media":0,"parent":0,"menu_order":0,"comment_status":"closed","ping_status":"closed","template":"","meta":{"footnotes":""},"class_list":["post-277","page","type-page","status-publish","hentry"],"_links":{"self":[{"href":"https:\/\/www.anpepro.org.br\/eppgep2025\/wp-json\/wp\/v2\/pages\/277","targetHints":{"allow":["GET"]}}],"collection":[{"href":"https:\/\/www.anpepro.org.br\/eppgep2025\/wp-json\/wp\/v2\/pages"}],"about":[{"href":"https:\/\/www.anpepro.org.br\/eppgep2025\/wp-json\/wp\/v2\/types\/page"}],"author":[{"embeddable":true,"href":"https:\/\/www.anpepro.org.br\/eppgep2025\/wp-json\/wp\/v2\/users\/2"}],"replies":[{"embeddable":true,"href":"https:\/\/www.anpepro.org.br\/eppgep2025\/wp-json\/wp\/v2\/comments?post=277"}],"version-history":[{"count":37,"href":"https:\/\/www.anpepro.org.br\/eppgep2025\/wp-json\/wp\/v2\/pages\/277\/revisions"}],"predecessor-version":[{"id":614,"href":"https:\/\/www.anpepro.org.br\/eppgep2025\/wp-json\/wp\/v2\/pages\/277\/revisions\/614"}],"wp:attachment":[{"href":"https:\/\/www.anpepro.org.br\/eppgep2025\/wp-json\/wp\/v2\/media?parent=277"}],"curies":[{"name":"wp","href":"https:\/\/api.w.org\/{rel}","templated":true}]}}