{"id":17,"date":"2022-10-11T11:08:18","date_gmt":"2022-10-11T14:08:18","guid":{"rendered":"http:\/\/www.anpepro.org.br\/eppgep2023\/?page_id=17"},"modified":"2025-06-03T09:21:57","modified_gmt":"2025-06-03T12:21:57","slug":"datas-importantes","status":"publish","type":"page","link":"https:\/\/www.anpepro.org.br\/eppgep2025\/datas-importantes\/","title":{"rendered":"Datas Importantes"},"content":{"rendered":"<table style=\"height: 334px;\" width=\"724\">\n<tbody>\n<tr>\n<td style=\"text-align: center;\">Submiss\u00e3o dos trabalhos selecionados pelos PPGEPs<\/td>\n<td style=\"text-align: center;\"><del>at\u00e9 23 de maio de 2025<\/del><br \/>\n<strong>(Prorrogado at\u00e9 09\/06\/25)<\/strong><\/td>\n<\/tr>\n<tr>\n<td style=\"text-align: center;\">Homologa\u00e7\u00e3o das submiss\u00f5es e Programa\u00e7\u00e3o preliminar<\/td>\n<td style=\"text-align: center;\">at\u00e9 2 semanas ap\u00f3s o encerramento do prazo de submiss\u00e3o<\/td>\n<\/tr>\n<tr>\n<td style=\"text-align: center;\">Programa\u00e7\u00e3o final<\/td>\n<td style=\"text-align: center;\">at\u00e9 31 de agosto de 2025<\/td>\n<\/tr>\n<tr>\n<td style=\"text-align: center;\">Inscri\u00e7\u00f5es com valor promocional<\/td>\n<td style=\"text-align: center;\">at\u00e9 05 de setembro de 2025<\/td>\n<\/tr>\n<tr>\n<td style=\"text-align: center;\">Inscri\u00e7\u00f5es<\/td>\n<td style=\"text-align: center;\">at\u00e9 23 de setembro de 2025<\/td>\n<\/tr>\n<tr>\n<td style=\"text-align: center;\"><span style=\"font-weight: 400;\">Evento<br \/>\n<\/span><\/td>\n<td style=\"text-align: center;\">24 a 26 de Setembro de 2025<\/td>\n<\/tr>\n<\/tbody>\n<\/table>\n<p>&nbsp;<\/p>\n","protected":false},"excerpt":{"rendered":"<p>Submiss\u00e3o dos trabalhos selecionados pelos PPGEPs at\u00e9 23 de maio de 2025 (Prorrogado at\u00e9 09\/06\/25) Homologa\u00e7\u00e3o das submiss\u00f5es e Programa\u00e7\u00e3o preliminar at\u00e9 2 semanas ap\u00f3s o encerramento do prazo de submiss\u00e3o Programa\u00e7\u00e3o final at\u00e9 31 de agosto de 2025 Inscri\u00e7\u00f5es com valor promocional at\u00e9 05 de setembro de 2025 Inscri\u00e7\u00f5es at\u00e9 23 de setembro de &hellip; <\/p>\n","protected":false},"author":1,"featured_media":0,"parent":0,"menu_order":0,"comment_status":"closed","ping_status":"closed","template":"","meta":{"footnotes":""},"class_list":["post-17","page","type-page","status-publish","hentry"],"_links":{"self":[{"href":"https:\/\/www.anpepro.org.br\/eppgep2025\/wp-json\/wp\/v2\/pages\/17","targetHints":{"allow":["GET"]}}],"collection":[{"href":"https:\/\/www.anpepro.org.br\/eppgep2025\/wp-json\/wp\/v2\/pages"}],"about":[{"href":"https:\/\/www.anpepro.org.br\/eppgep2025\/wp-json\/wp\/v2\/types\/page"}],"author":[{"embeddable":true,"href":"https:\/\/www.anpepro.org.br\/eppgep2025\/wp-json\/wp\/v2\/users\/1"}],"replies":[{"embeddable":true,"href":"https:\/\/www.anpepro.org.br\/eppgep2025\/wp-json\/wp\/v2\/comments?post=17"}],"version-history":[{"count":28,"href":"https:\/\/www.anpepro.org.br\/eppgep2025\/wp-json\/wp\/v2\/pages\/17\/revisions"}],"predecessor-version":[{"id":624,"href":"https:\/\/www.anpepro.org.br\/eppgep2025\/wp-json\/wp\/v2\/pages\/17\/revisions\/624"}],"wp:attachment":[{"href":"https:\/\/www.anpepro.org.br\/eppgep2025\/wp-json\/wp\/v2\/media?parent=17"}],"curies":[{"name":"wp","href":"https:\/\/api.w.org\/{rel}","templated":true}]}}