{"id":277,"date":"2022-11-09T14:57:07","date_gmt":"2022-11-09T17:57:07","guid":{"rendered":"http:\/\/www.anpepro.org.br\/eppgep2023\/?page_id=277"},"modified":"2024-09-23T17:06:54","modified_gmt":"2024-09-23T20:06:54","slug":"local-do-evento","status":"publish","type":"page","link":"https:\/\/www.anpepro.org.br\/eppgep2024\/local-do-evento\/","title":{"rendered":"Local dos Eventos"},"content":{"rendered":"<h4>LOCAL DE REALIZA\u00c7\u00c3O<\/h4>\n<p>Local: PUC-Rio<\/p>\n<p>Endere\u00e7o: Rua Marqu\u00eas de S\u00e3o Vicente, 225, G\u00e1vea, Rio de Janeiro, RJ &#8211; Brasil, CEP: 22451-900<\/p>\n<p><strong>A PUC-RIO possui dois acessos principais:<\/strong><\/p>\n<p>&#8211; Rua Marqu\u00eas de S\u00e3o Vicente, 225 (com entrada exclusiva para pedestres)<br \/>\n&#8211; Rua Pe. Leonel Franca (com entrada para ve\u00edculos e pedestres)<\/p>\n<p>Localiza\u00e7\u00e3o:<\/p>\n<ul>\n<li>A 1,5 km da Esta\u00e7\u00e3o de metr\u00f4 Antero de Quental e da Praia do Leblon (5 min de carro)<\/li>\n<li>A 13 km do aeroporto Santos Dumont (30-40 min de carro)<\/li>\n<li>H\u00e1 estacionamento pago no local (R$ 17,00)<\/li>\n<\/ul>\n<h3>Estacionamento<\/h3>\n<ul>\n<li><strong>Estacionamento Rotativo<\/strong><br \/>\nO estacionamento rotativo para alunos e visitantes localiza-se na Rua Pe. Leonel Franca, antes do port\u00e3o principal de acesso \u00e0 PUC-RIO. O valor cobrado varia em fun\u00e7\u00e3o do dia da semana e o pagamento deve ser efetuado no guich\u00ea da Prefeitura do Campus que fica na Ala Frings do Edif\u00edcio da Amizade. Mais informa\u00e7\u00f5es sobre o aplicativo EasyLane no <a href=\"https:\/\/www.puc-rio.br\/sobrepuc\/campus\/rotativo.html\">link<\/a>.<\/li>\n<li><strong>Estacionamento Interno<\/strong><br \/>\nO estacionamento dentro do Campus \u00e9 limitado a um n\u00famero reduzido de vagas fixas destinadas a professores e funcion\u00e1rios da PUC-RIO. Os portadores de defici\u00eancia f\u00edsica podem utilizar o estacionamento interno nos lugares definidos pela Prefeitura do Campus.<\/li>\n<\/ul>\n<p>A seguir mostramos o mapa de acesso para o evento.<\/p>\n<p><iframe loading=\"lazy\" style=\"border: 0;\" src=\"https:\/\/www.google.com\/maps\/embed?pb=!1m18!1m12!1m3!1d3673.1979771048323!2d-43.2359769249095!3d-22.979746279203766!2m3!1f0!2f0!3f0!3m2!1i1024!2i768!4f13.1!3m3!1m2!1s0x9bd5ca02b99d7b%3A0xf49ca71057d61fe8!2sPontifical%20Catholic%20University%20of%20Rio%20de%20Janeiro!5e0!3m2!1sen!2sbr!4v1723231483894!5m2!1sen!2sbr\" width=\"600\" height=\"450\" allowfullscreen=\"allowfullscreen\"><\/iframe><\/p>\n<p>&nbsp;<\/p>\n<p><strong>Mapa do Campus da PUC-Rio<\/strong> para <a href=\"http:\/\/www.anpepro.org.br\/eppgep2024\/wp-content\/uploads\/2024\/09\/Mapa_PUC-Rio.pdf\"><strong>download<\/strong><\/a><\/p>\n<ul>\n<li><a href=\"https:\/\/www.youtube.com\/watch?v=RUBtkKdWVzc&amp;t=55s\">Campus Tour<\/a><\/li>\n<\/ul>\n<p>&nbsp;<\/p>\n<p><strong>HOT\u00c9IS<\/strong><\/p>\n<p>O Rio de Janeiro oferece grande diversidade de op\u00e7\u00f5es de hospedagem na Zona Sul.\u00a0 Existem v\u00e1rios hot\u00e9is da <strong>Rede IBIS (tradicional)<\/strong> e <strong>IBIS BUDGET (padr\u00e3o econ\u00f4mico)<\/strong>. Em fun\u00e7\u00e3o da proximidade, recomendamos bairros como G\u00e1vea, Leblon, Ipanema, Copacabana e Botafogo.<\/p>\n<p>Temos descontos especiais em hot\u00e9is selecionados. Use o c\u00f3digo de cupom \u2018<strong>EPPGEP2024<\/strong>\u2019 para um desconto de 10% nos hot\u00e9is <a href=\"http:\/\/www.maripanemahotel.com.br\/\">Mar Ipanema<\/a>, <a href=\"http:\/\/www.solipanema.com.br\">Sol Ipanema<\/a>, <a href=\"http:\/\/www.ipanemainn.com.br\">Ipanema Inn<\/a>, <a href=\"https:\/\/www.hotelvermont.com.br\/\">Vermont<\/a> e <a href=\"http:\/\/www.ritzhotel.com.br\">Ritz Leblon<\/a>. O <a href=\"https:\/\/bit.ly\/EPPGEP2024\">Arena Ipanema<\/a> oferece um desconto de 20% com o mesmo c\u00f3digo.\u00a0Para o <a href=\"https:\/\/plugmaistravel.com.br\/\">\u00cdbis Botafogo<\/a>, use o c\u00f3digo \u2018<strong>EPPGEP<\/strong>\u2019 para um desconto de 10%.<\/p>\n<p>Tamb\u00e9m h\u00e1 boas op\u00e7\u00f5es de <a href=\"https:\/\/www.portuguese.hostelworld.com\/st\/albergues\/america-do-sul\/brasil\/rio-de-janeiro\/f\/quartos-privados\/\">hostels<\/a> na Zona Sul. Desejamos uma estadia agrad\u00e1vel no Rio de Janeiro!<\/p>\n<p>&nbsp;<\/p>\n<p><strong>TRANSPORTE PARA O LOCAL DO EVENTO<\/strong><\/p>\n<ul>\n<li><strong>\u00a0<\/strong><strong>TAXI RIO<\/strong> (aplicativo da Prefeitura com at\u00e9 40% de desconto)<\/li>\n<li><strong>UBER e 99 <\/strong>(aplicativos de transporte)<\/li>\n<\/ul>\n<p>Para chegar \u00e0 PUC-Rio usando <strong>metr\u00f4 e \u00f4nibus<\/strong>, aqui est\u00e3o as instru\u00e7\u00f5es detalhadas:<\/p>\n<p><strong>Saindo de Copacabana, Ipanema ou Leblon,<\/strong> pegue a linha L1 ou L4 do metr\u00f4 at\u00e9 a esta\u00e7\u00e3o Antero de Quental\/Leblon. De l\u00e1, pegue o \u00f4nibus 539 (S\u00e3o Conrado), percorra 6 paradas at\u00e9 a parada Duque Estrada e caminhe por 1 minuto.<\/p>\n<p><strong>Saindo de Botafogo,<\/strong>\u00a0seguem tr\u00eas op\u00e7\u00f5es:<\/p>\n<ol>\n<li>Pegue o metr\u00f4 at\u00e9 a esta\u00e7\u00e3o Antero de Quental e depois pegue o \u00f4nibus 539 (S\u00e3o Conrado).<\/li>\n<li>Na BRS 1, 2, 3, I: Muniz Barreto, pegue o \u00f4nibus 410 (G\u00e1vea), percorra 19 paradas e des\u00e7a direto no Terminal da PUC.<\/li>\n<li>Na BRS 1, 2, 3, I: Muniz Barreto, pegue o \u00f4nibus 538, percorra 18 paradas at\u00e9 a parada Duque Estrada.<\/li>\n<\/ol>\n<p>&nbsp;<\/p>\n<p><strong>RESTAURANTES (DIVERSOS NAS PROXIMIDADES DO EVENTO)<\/strong><\/p>\n<p><strong>HAPPY HOUR (DIVERSOS NAS PROXIMIDADES DO EVENTO)<\/strong><\/p>\n<p><strong>COMUNICADOS GERAIS<\/strong><\/p>\n<ul>\n<li>Para maiores informa\u00e7\u00f5es, entrar em contato com a organiza\u00e7\u00e3o.\u00a0D\u00favidas podem ser encaminhadas para o email: eppgep.anpepro@gmail.com<\/li>\n<li>Teremos o maior prazer em atend\u00ea-los e orient\u00e1-los da melhor forma!<\/li>\n<\/ul>\n<p>&nbsp;<\/p>\n","protected":false},"excerpt":{"rendered":"<p>LOCAL DE REALIZA\u00c7\u00c3O Local: PUC-Rio Endere\u00e7o: Rua Marqu\u00eas de S\u00e3o Vicente, 225, G\u00e1vea, Rio de Janeiro, RJ &#8211; Brasil, CEP: 22451-900 A PUC-RIO possui dois acessos principais: &#8211; Rua Marqu\u00eas de S\u00e3o Vicente, 225 (com entrada exclusiva para pedestres) &#8211; Rua Pe. Leonel Franca (com entrada para ve\u00edculos e pedestres) Localiza\u00e7\u00e3o: A 1,5 km da &hellip; <\/p>\n","protected":false},"author":2,"featured_media":0,"parent":0,"menu_order":0,"comment_status":"closed","ping_status":"closed","template":"","meta":{"footnotes":""},"class_list":["post-277","page","type-page","status-publish","hentry"],"_links":{"self":[{"href":"https:\/\/www.anpepro.org.br\/eppgep2024\/wp-json\/wp\/v2\/pages\/277","targetHints":{"allow":["GET"]}}],"collection":[{"href":"https:\/\/www.anpepro.org.br\/eppgep2024\/wp-json\/wp\/v2\/pages"}],"about":[{"href":"https:\/\/www.anpepro.org.br\/eppgep2024\/wp-json\/wp\/v2\/types\/page"}],"author":[{"embeddable":true,"href":"https:\/\/www.anpepro.org.br\/eppgep2024\/wp-json\/wp\/v2\/users\/2"}],"replies":[{"embeddable":true,"href":"https:\/\/www.anpepro.org.br\/eppgep2024\/wp-json\/wp\/v2\/comments?post=277"}],"version-history":[{"count":32,"href":"https:\/\/www.anpepro.org.br\/eppgep2024\/wp-json\/wp\/v2\/pages\/277\/revisions"}],"predecessor-version":[{"id":430,"href":"https:\/\/www.anpepro.org.br\/eppgep2024\/wp-json\/wp\/v2\/pages\/277\/revisions\/430"}],"wp:attachment":[{"href":"https:\/\/www.anpepro.org.br\/eppgep2024\/wp-json\/wp\/v2\/media?parent=277"}],"curies":[{"name":"wp","href":"https:\/\/api.w.org\/{rel}","templated":true}]}}