{"id":23,"date":"2022-10-11T11:06:03","date_gmt":"2022-10-11T14:06:03","guid":{"rendered":"http:\/\/www.anpepro.org.br\/eppgep2023\/?page_id=23"},"modified":"2024-05-02T13:57:27","modified_gmt":"2024-05-02T16:57:27","slug":"formato-dos-artigos","status":"publish","type":"page","link":"https:\/\/www.anpepro.org.br\/eppgep2024\/formato-dos-artigos\/","title":{"rendered":"Formato dos artigos"},"content":{"rendered":"<p><strong>FORMATO DOS TRABALHOS<\/strong><\/p>\n<p>&nbsp;<\/p>\n<p>Ser\u00e3o aceitos tr\u00eas <strong>formatos<\/strong> de trabalho:<\/p>\n<ul>\n<li>Trabalhos Completos \u2013 DRAFTS para peri\u00f3dicos<\/li>\n<li><em>Working papers<\/em> \u2013 vers\u00e3o preliminar de futuro DRAFTS para peri\u00f3dicos<\/li>\n<li>Resumos estendidos (apenas para categorias MA, MP e PT)<\/li>\n<\/ul>\n<p>&nbsp;<\/p>\n<p>A formata\u00e7\u00e3o \u00e9 flex\u00edvel, n\u00e3o existindo um modelo padr\u00e3o. No entanto, \u00e9 NECESS\u00c1RIO observar os seguintes aspectos:<\/p>\n<ul>\n<li>Tamanho do trabalho<\/li>\n<\/ul>\n<p>Limite total de<strong> 12 mil palavras<\/strong> (incluindo t\u00edtulo, autoria, resumo, tabelas, figuras, refer\u00eancias, ap\u00eandices e outros).<\/p>\n<p>O arquivo dever\u00e1 ser enviado em <strong>PDF<\/strong> com, <strong>no m\u00e1ximo, 10 MB<\/strong><\/p>\n<ul>\n<li>Idioma<\/li>\n<\/ul>\n<p>Trabalhos de Doutorado (DO): apenas em ingl\u00eas<\/p>\n<p>Demais Categorias (MA, MP e PT): ingl\u00eas ou portugu\u00eas<\/p>\n<p>Observa\u00e7\u00e3o: trabalhos DO que forem submetidos como resumo estendido ou que estiverem em outro idioma diferente do ingl\u00eas n\u00e3o concorrer\u00e3o ao pr\u00eamio.<\/p>\n","protected":false},"excerpt":{"rendered":"<p>FORMATO DOS TRABALHOS &nbsp; Ser\u00e3o aceitos tr\u00eas formatos de trabalho: Trabalhos Completos \u2013 DRAFTS para peri\u00f3dicos Working papers \u2013 vers\u00e3o preliminar de futuro DRAFTS para peri\u00f3dicos Resumos estendidos (apenas para categorias MA, MP e PT) &nbsp; A formata\u00e7\u00e3o \u00e9 flex\u00edvel, n\u00e3o existindo um modelo padr\u00e3o. No entanto, \u00e9 NECESS\u00c1RIO observar os seguintes aspectos: Tamanho do &hellip; <\/p>\n","protected":false},"author":1,"featured_media":0,"parent":0,"menu_order":0,"comment_status":"closed","ping_status":"closed","template":"","meta":{"footnotes":""},"class_list":["post-23","page","type-page","status-publish","hentry"],"_links":{"self":[{"href":"https:\/\/www.anpepro.org.br\/eppgep2024\/wp-json\/wp\/v2\/pages\/23","targetHints":{"allow":["GET"]}}],"collection":[{"href":"https:\/\/www.anpepro.org.br\/eppgep2024\/wp-json\/wp\/v2\/pages"}],"about":[{"href":"https:\/\/www.anpepro.org.br\/eppgep2024\/wp-json\/wp\/v2\/types\/page"}],"author":[{"embeddable":true,"href":"https:\/\/www.anpepro.org.br\/eppgep2024\/wp-json\/wp\/v2\/users\/1"}],"replies":[{"embeddable":true,"href":"https:\/\/www.anpepro.org.br\/eppgep2024\/wp-json\/wp\/v2\/comments?post=23"}],"version-history":[{"count":7,"href":"https:\/\/www.anpepro.org.br\/eppgep2024\/wp-json\/wp\/v2\/pages\/23\/revisions"}],"predecessor-version":[{"id":509,"href":"https:\/\/www.anpepro.org.br\/eppgep2024\/wp-json\/wp\/v2\/pages\/23\/revisions\/509"}],"wp:attachment":[{"href":"https:\/\/www.anpepro.org.br\/eppgep2024\/wp-json\/wp\/v2\/media?parent=23"}],"curies":[{"name":"wp","href":"https:\/\/api.w.org\/{rel}","templated":true}]}}