{"id":21,"date":"2022-10-11T11:05:46","date_gmt":"2022-10-11T14:05:46","guid":{"rendered":"http:\/\/www.anpepro.org.br\/eppgep2023\/?page_id=21"},"modified":"2024-04-29T20:35:12","modified_gmt":"2024-04-29T23:35:12","slug":"premiacao","status":"publish","type":"page","link":"https:\/\/www.anpepro.org.br\/eppgep2024\/premiacao\/","title":{"rendered":"Premia\u00e7\u00e3o"},"content":{"rendered":"<p><strong>PREMIA\u00c7\u00d5ES<\/strong><\/p>\n<p>Durante o evento do ENPPEPRO e EPPGEP ser\u00e3o conferidas as seguintes premia\u00e7\u00f5es:<\/p>\n<ul>\n<li><strong>PR\u00caMIO ANPEPRO<\/strong>: pr\u00eamio concedido pelo reconhecimento de not\u00e1vel servi\u00e7o prestado \u00e0 comunidade de Pesquisa e P\u00f3s-Gradua\u00e7\u00e3o em Engenharia de Produ\u00e7\u00e3o, caracterizado de forma sistem\u00e1tica e por a\u00e7\u00e3o cont\u00ednua ao longo do tempo.<\/li>\n<li><strong>PREMIA\u00c7\u00c3O PARA DISCENTES:<\/strong> pr\u00eamio concedido ao melhor trabalho de cada categoria: Doutorado (DO), Mestrado Acad\u00eamico (MA), Mestrado Profissional (MP) e Produto Tecnol\u00f3gico (PT).<\/li>\n<\/ul>\n<p>&nbsp;<\/p>\n<p><strong>REGRAS PARA PREMIA\u00c7\u00c3O DOS TRABALHOS DE DISCENTES<\/strong><\/p>\n<p>Para concorrer aos pr\u00eamios nas categorias DO, MA e MP, \u00e9 necess\u00e1rio que o trabalho seja apresentado pelo autor principal, ou seja, discente\/egresso autor da tese ou disserta\u00e7\u00e3o que gerou o trabalho. A premia\u00e7\u00e3o nessas categorias consistir\u00e1 de um certificado de reconhecimento ao discente\/egresso autor principal do trabalho.<\/p>\n<p>Para concorrer ao pr\u00eamio na categoria PT, \u00e9 necess\u00e1rio que o trabalho seja apresentado por um discente\/egresso que participe da autoria do trabalho. A premia\u00e7\u00e3o nessa categoria consistir\u00e1 de um certificado de reconhecimento ao trabalho apresentado.<\/p>\n<p>O pr\u00eamio da categoria DO ser\u00e1 atribu\u00eddo a um dos trabalhos apresentados na Sess\u00e3o Plen\u00e1ria de Finalistas de Doutorado. Os pr\u00eamios das demais categorias ser\u00e3o atribu\u00eddos dentre os que tiverem as melhores avalia\u00e7\u00f5es de cada Sess\u00e3o de Trabalho.<\/p>\n<p>A sele\u00e7\u00e3o dos trabalhos para Plen\u00e1ria de Finalistas de Doutorado ser\u00e1 feita pela Coordena\u00e7\u00e3o do Comit\u00ea Cient\u00edfico com base nas avalia\u00e7\u00f5es dos membros do Comit\u00ea de Programa.<\/p>\n<p>A premia\u00e7\u00e3o do melhor trabalho de Doutorado ser\u00e1 feita por um Comit\u00ea Especial de Premia\u00e7\u00e3o composto por avaliadores especialmente convidados pela Coordena\u00e7\u00e3o Cient\u00edfica do EPPGEP para participar dessa sess\u00e3o.<\/p>\n<p>A sele\u00e7\u00e3o dos melhores trabalhos das categorias MA, MP e PT ser\u00e1 feito pelo Comit\u00ea de Premia\u00e7\u00e3o constitu\u00eddo pelos chairs ou co-chairs das diversas sess\u00f5es de trabalho e presidido pela Coordena\u00e7\u00e3o Cient\u00edfica do EPPGEP.<\/p>\n<p>&nbsp;<\/p>\n<p><strong>CERTIFICADOS<\/strong><\/p>\n<ul>\n<li><strong>Men\u00e7\u00e3o Especial aos Finalistas de Doutorado<\/strong>: certificado a ser concedido ao autor principal, ou seja, discente\/egresso autor da tese que gerou o trabalho e que fez a apresenta\u00e7\u00e3o na Sess\u00e3o Plen\u00e1ria de Finalistas de Doutorado sem ter sido contemplado com o pr\u00eamio de melhor trabalho dessa categoria.<\/li>\n<\/ul>\n<p>Excepcionalmente poder\u00e3o ser concedidos certificados de Men\u00e7\u00e3o Especial para discentes\/egressos que apresentarem trabalhos de Doutorado nas demais sess\u00f5es, desde que sejam o autor principal, por indica\u00e7\u00e3o do chair e co-chair.<\/p>\n<ul>\n<li><strong>Certificado de Discente Destaque do Programa:<\/strong> certificado concedido pela ANPEPRO ao autor principal (discente\/egresso autor da tese ou disserta\u00e7\u00e3o que gerou o trabalho) e que fez a apresenta\u00e7\u00e3o no EPPGEP como reconhecimento por ter sido selecionado como um dos melhores do seu Programa de P\u00f3s-Gradua\u00e7\u00e3o.<\/li>\n<li><strong>Certificado de Produto Tecnol\u00f3gico Destaque do Programa:<\/strong> certificado concedido pela ANPEPRO ao trabalho, desde que o mesmo tenha sido apresentado por discente\/egresso que tenha participado de sua autoria, como reconhecimento por ter sido selecionado como um dos melhores do seu Programa de P\u00f3s-Gradua\u00e7\u00e3o.<\/li>\n<li><strong>Certificado de Apresenta\u00e7\u00e3o:<\/strong> certificado concedido a quem fizer a apresenta\u00e7\u00e3o de trabalho no EPPGEP, sem ter sido contemplado com nenhum dos demais certificados anteriores.<\/li>\n<li><strong>Certificado de Participa\u00e7\u00e3o:<\/strong> concedido a todos que se inscreverem e participarem do evento.<\/li>\n<\/ul>\n<p>&nbsp;<\/p>\n<p><strong>PARECERES<\/strong><\/p>\n<ul>\n<li><strong>\u00a0<\/strong>Todos os trabalhos (DO, MA, MP e PT) apresentados no EPPGEP receber\u00e3o, pelo menos, dois pareceres emitidos pelos membros do Comit\u00ea de Programa que ir\u00e3o atuar como consultores que atuar\u00e3o como consultores ad hoc emitindo os pareceres de cada trabalho. Cada trabalho receber\u00e1, pelo menos dois pareceres.<\/li>\n<\/ul>\n<p><strong>\u00a0<\/strong><\/p>\n<p><strong>PUBLICA\u00c7\u00c3O<\/strong><\/p>\n<ul>\n<li>Os resumos dos trabalhos ser\u00e3o publicados nos Anais do EPPGEP desde que tenham sido apresentados no evento e que algum dos autores tenha feito a inscri\u00e7\u00e3o.<\/li>\n<\/ul>\n","protected":false},"excerpt":{"rendered":"<p>PREMIA\u00c7\u00d5ES Durante o evento do ENPPEPRO e EPPGEP ser\u00e3o conferidas as seguintes premia\u00e7\u00f5es: PR\u00caMIO ANPEPRO: pr\u00eamio concedido pelo reconhecimento de not\u00e1vel servi\u00e7o prestado \u00e0 comunidade de Pesquisa e P\u00f3s-Gradua\u00e7\u00e3o em Engenharia de Produ\u00e7\u00e3o, caracterizado de forma sistem\u00e1tica e por a\u00e7\u00e3o cont\u00ednua ao longo do tempo. PREMIA\u00c7\u00c3O PARA DISCENTES: pr\u00eamio concedido ao melhor trabalho de cada &hellip; <\/p>\n","protected":false},"author":1,"featured_media":0,"parent":0,"menu_order":0,"comment_status":"closed","ping_status":"closed","template":"","meta":{"footnotes":""},"class_list":["post-21","page","type-page","status-publish","hentry"],"_links":{"self":[{"href":"https:\/\/www.anpepro.org.br\/eppgep2024\/wp-json\/wp\/v2\/pages\/21","targetHints":{"allow":["GET"]}}],"collection":[{"href":"https:\/\/www.anpepro.org.br\/eppgep2024\/wp-json\/wp\/v2\/pages"}],"about":[{"href":"https:\/\/www.anpepro.org.br\/eppgep2024\/wp-json\/wp\/v2\/types\/page"}],"author":[{"embeddable":true,"href":"https:\/\/www.anpepro.org.br\/eppgep2024\/wp-json\/wp\/v2\/users\/1"}],"replies":[{"embeddable":true,"href":"https:\/\/www.anpepro.org.br\/eppgep2024\/wp-json\/wp\/v2\/comments?post=21"}],"version-history":[{"count":15,"href":"https:\/\/www.anpepro.org.br\/eppgep2024\/wp-json\/wp\/v2\/pages\/21\/revisions"}],"predecessor-version":[{"id":498,"href":"https:\/\/www.anpepro.org.br\/eppgep2024\/wp-json\/wp\/v2\/pages\/21\/revisions\/498"}],"wp:attachment":[{"href":"https:\/\/www.anpepro.org.br\/eppgep2024\/wp-json\/wp\/v2\/media?parent=21"}],"curies":[{"name":"wp","href":"https:\/\/api.w.org\/{rel}","templated":true}]}}