{"id":19,"date":"2022-10-11T11:05:30","date_gmt":"2022-10-11T14:05:30","guid":{"rendered":"http:\/\/www.anpepro.org.br\/eppgep2023\/?page_id=19"},"modified":"2024-08-28T23:03:40","modified_gmt":"2024-08-29T02:03:40","slug":"comites","status":"publish","type":"page","link":"https:\/\/www.anpepro.org.br\/eppgep2024\/comites\/","title":{"rendered":"Comit\u00eas"},"content":{"rendered":"<h2><b><strong>COMISS\u00c3O ORGANIZADORA LOCAL (PUC-Rio)<br \/>\n<\/strong><\/b><\/h2>\n<p>Rodrigo Goyannes Gusm\u00e3o Caiado (PUC-Rio) &#8211; Coordenador<br \/>\nIgor Tona Peres (PUC-Rio) &#8211; Vice-coordenador<br \/>\nFernanda Araujo Bai\u00e3o (PUC-Rio)<br \/>\nLeonardo Bastos (PUC-Rio)<br \/>\nM\u00e1rcio Tavares Thom\u00e9 (PUC-Rio)<br \/>\nRafael Martinelli (PUC-Rio)<br \/>\nDaniel Pacheco Lacerda (Unisinos)<br \/>\nFabio Antonio Sartori Piran (Unisinos)<\/p>\n<p>&nbsp;<\/p>\n<h2><b><strong>COMISS\u00c3O ORGANIZADORA ANPEPRO<br \/>\n<\/strong><\/b><\/h2>\n<p>Diretor Presidente: Fernando Cyrino (PUC-Rio)<br \/>\nDiretora Executiva: Ana Paula Cabral (UFPE)<br \/>\nDiretor Cient\u00edfico: Fl\u00e1vio Sanson Fogliatto\u00a0 (UFRGS)<br \/>\nDiretora de Eventos: Cristina Gomes de Souza (CEFET\/RJ)<\/p>\n<h2><b><strong>COORDENA\u00c7\u00c3O CIENT\u00cdFICA\u00a0<\/strong><\/b><\/h2>\n<p>Fl\u00e1vio Sanson Fogliatto\u00a0 (UFRGS)<br \/>\nCristina Gomes de Souza (CEFET\/RJ)<\/p>\n<h2><b><strong>COMIT\u00ca DE PROGRAMA<\/strong><\/b><\/h2>\n<p>Afonso Carlos Corr\u00eaa Fleury (USP)<br \/>\nAlvaro Neuenfeldt J\u00fanior (UFSM)<br \/>\nAna Paula Cabral Seixas Costa (UFPE)<br \/>\nAndrei Bonamigo (UFF)<br \/>\nAnt\u00f4nio Augusto Chaves (UNIFESP)<br \/>\nAntonio Fernando Branco Costa (UNIFEI)<br \/>\nAnt\u00f4nio M\u00e1rcio Tavares Thom\u00e9 (PUC-Rio)<br \/>\nAntonio Roberto Balbo (UNESP-Bauru)<br \/>\nAurelio Ribeiro Leite de Oliveira (UNICAMP)<br \/>\nCarlos Francisco Sim\u00f5es Gomes (UFF)<br \/>\nCaroline Rodrigues Vaz (UFSC)<br \/>\nCl\u00e1udia Fabiana Gohr (UFPB)<br \/>\nCristiano Hora de Oliveira Fontes (UFBA)<br \/>\nCristina Gomes de Souza (CEFET-RJ)<br \/>\nDaniel Pacheco Lacerda (UFSC)<br \/>\nDiego de Castro Fettermann (UFSC)<br \/>\nDiego Fiorotto (UNICAMP)<br \/>\nDiogo Aparecido Lopes Silva (UFSCAR)<br \/>\nEduarda Asfora Frej (UFPE)<br \/>\nElton Fernandes (UFRJ)<br \/>\nFabio Antonio Sartori Piran (UNISINOS)<br \/>\nFabio Henrique Pereira (UNINOVE)<br \/>\nF\u00e1bio Luiz Usberti (UNICAMP)<br \/>\nFeni Dalano Roosevelt Agostinho (UNIP)<br \/>\nFernanda Araujo Bai\u00e3o (PUC-Rio)<br \/>\nFernando Cyrino (PUC-Rio)<br \/>\nFernando Luiz Pereira de Oliveira (UFOP)<br \/>\nFlavio Fogliatto (UFRGS)<br \/>\nFlavio Trojan (UTFPR)<br \/>\nFrederico R. B. Cruz (UFMG)<br \/>\nGeraldo Regis Mauri (UFES)<br \/>\nGilberto Reynoso Meza (PUC-PR)<br \/>\nGilson Adamczuk Oliveira (UTFPR)<br \/>\nGilson Brito Alves Lima (UFF)<br \/>\nGlauco Henrique de Sousa Mendes (UFSCAR)<br \/>\nHelenice de Oliveira Florentino Silva (UNESP)<br \/>\nHoracio Hideki Yanasse (UNIFESP)<br \/>\nIgor Tona Peres (PUC-Rio)<br \/>\nIstefani Carisio de Paula (UFRGS)<br \/>\nJulio Michael Stern (USP)<br \/>\nLeandro Chaves R\u00eago (UFC)<br \/>\nLeandro Magat\u00e3o (UTFPR)<br \/>\nLeonardo Bastos (PUC-Rio)<br \/>\nLeonardo Silva de Lima (UFPR)<br \/>\nLidia Angulo Meza (UFF)<br \/>\nLizandra Garcia Lupi Vergara (UFSC)<br \/>\nLuciana de Souza Pessoa (PUC-Rio)<br \/>\nLuciana Hazin Alencar (UFPE)<br \/>\nLuciano Ferreira (UFRGS)<br \/>\nLucila Maria de Souza Campos (UFSC)<br \/>\nLuiz Cesar Ribeiro Carpinetti (EESC-USP)<br \/>\nLuiz Felipe Roris Rodriguez Scavarda do Carmo (PUC-Rio)<br \/>\nLuiz Leduino de Salles Neto (UNIFESP)<br \/>\nMa\u00edsa Mendon\u00e7a Silva (UFPE)<br \/>\nMarcelo Hazin Alencar (UFPE)<br \/>\nMarcelo Nogueira Cortimiglia (UFRGS)<br \/>\nM\u00e1rcio Jos\u00e9 das Chagas Moura (UFPE)<br \/>\nMarcone Jamilson Freitas Souza (UFOP)<br \/>\nMauro Luiz Martens (UNIP)<br \/>\nMichel J Anzanello (UFRGS)<br \/>\nMiguel Afonso Sellitto (UNISINOS)<br \/>\nMischel Carmen Neyra Belderrain (ITA)<br \/>\nNestor Ayala (UFRGS)<br \/>\nOsvaldo Luiz Gon\u00e7alves Quelhas (UFF)<br \/>\nPaula Medina Ma\u00e7aira Louro (PUC-Rio)<br \/>\nPaulo Augusto Cauchick Miguel (UFSC)<br \/>\nRafael de Carvalho Miranda (UNIFEI)<br \/>\nRegina Negri Pagani (UTFPR)<br \/>\nRenata R. Del-Vecchio (UFF)<br \/>\nRicardo Saraiva de Camargo (UFMG)<br \/>\nRoberta de Castro Souza Piao (USP)<br \/>\nRodrigo Caiado (PUC-Rio)<br \/>\nRog\u00e9rio Santana Peruchi (UFPB)<br \/>\nSandra Naomi Morioka (UFPB)<br \/>\nSergio E. Gouvea da Costa (UTFPR)<br \/>\nTarcisio Abreu Saurin (UFRGS)<br \/>\nTharcisio Cotta Fontainha (UFRJ)<\/p>\n","protected":false},"excerpt":{"rendered":"<p>COMISS\u00c3O ORGANIZADORA LOCAL (PUC-Rio) Rodrigo Goyannes Gusm\u00e3o Caiado (PUC-Rio) &#8211; Coordenador Igor Tona Peres (PUC-Rio) &#8211; Vice-coordenador Fernanda Araujo Bai\u00e3o (PUC-Rio) Leonardo Bastos (PUC-Rio) M\u00e1rcio Tavares Thom\u00e9 (PUC-Rio) Rafael Martinelli (PUC-Rio) Daniel Pacheco Lacerda (Unisinos) Fabio Antonio Sartori Piran (Unisinos) &nbsp; COMISS\u00c3O ORGANIZADORA ANPEPRO Diretor Presidente: Fernando Cyrino (PUC-Rio) Diretora Executiva: Ana Paula Cabral (UFPE) &hellip; <\/p>\n","protected":false},"author":1,"featured_media":0,"parent":0,"menu_order":0,"comment_status":"closed","ping_status":"closed","template":"","meta":{"footnotes":""},"class_list":["post-19","page","type-page","status-publish","hentry"],"_links":{"self":[{"href":"https:\/\/www.anpepro.org.br\/eppgep2024\/wp-json\/wp\/v2\/pages\/19","targetHints":{"allow":["GET"]}}],"collection":[{"href":"https:\/\/www.anpepro.org.br\/eppgep2024\/wp-json\/wp\/v2\/pages"}],"about":[{"href":"https:\/\/www.anpepro.org.br\/eppgep2024\/wp-json\/wp\/v2\/types\/page"}],"author":[{"embeddable":true,"href":"https:\/\/www.anpepro.org.br\/eppgep2024\/wp-json\/wp\/v2\/users\/1"}],"replies":[{"embeddable":true,"href":"https:\/\/www.anpepro.org.br\/eppgep2024\/wp-json\/wp\/v2\/comments?post=19"}],"version-history":[{"count":19,"href":"https:\/\/www.anpepro.org.br\/eppgep2024\/wp-json\/wp\/v2\/pages\/19\/revisions"}],"predecessor-version":[{"id":551,"href":"https:\/\/www.anpepro.org.br\/eppgep2024\/wp-json\/wp\/v2\/pages\/19\/revisions\/551"}],"wp:attachment":[{"href":"https:\/\/www.anpepro.org.br\/eppgep2024\/wp-json\/wp\/v2\/media?parent=19"}],"curies":[{"name":"wp","href":"https:\/\/api.w.org\/{rel}","templated":true}]}}