{"id":17,"date":"2022-10-11T11:08:18","date_gmt":"2022-10-11T14:08:18","guid":{"rendered":"http:\/\/www.anpepro.org.br\/eppgep2023\/?page_id=17"},"modified":"2024-06-05T13:25:05","modified_gmt":"2024-06-05T16:25:05","slug":"datas-importantes","status":"publish","type":"page","link":"https:\/\/www.anpepro.org.br\/eppgep2024\/datas-importantes\/","title":{"rendered":"Datas Importantes"},"content":{"rendered":"<table style=\"height: 334px;\" width=\"724\">\n<tbody>\n<tr>\n<td style=\"text-align: center;\">Submiss\u00e3o dos trabalhos selecionados pelos PPGEPs<\/td>\n<td style=\"text-align: center;\"><del>At\u00e9 30 de Maio de 2024<\/del><br \/>\n<strong>Prorrogado para 14 de Junho de 2024<\/strong><\/td>\n<\/tr>\n<tr>\n<td style=\"text-align: center;\">Homologa\u00e7\u00e3o das submiss\u00f5es e Programa\u00e7\u00e3o preliminar<\/td>\n<td style=\"text-align: center;\">At\u00e9 2 semanas ap\u00f3s o encerramento do prazo de submiss\u00e3o<\/td>\n<\/tr>\n<tr>\n<td style=\"text-align: center;\">Programa\u00e7\u00e3o final<\/td>\n<td style=\"text-align: center;\">Agosto de 2024<\/td>\n<\/tr>\n<tr>\n<td style=\"text-align: center;\">Inscri\u00e7\u00f5es com valor promocional<\/td>\n<td style=\"text-align: center;\">At\u00e9 01 de Setembro de 2024<\/td>\n<\/tr>\n<tr>\n<td style=\"text-align: center;\">Inscri\u00e7\u00f5es<\/td>\n<td style=\"text-align: center;\">At\u00e9 24 de Setembro de 2024<\/td>\n<\/tr>\n<tr>\n<td style=\"text-align: center;\"><span style=\"font-weight: 400;\">Evento<br \/>\n<\/span><\/td>\n<td style=\"text-align: center;\">25 a 27 de Setembro de 2024<\/td>\n<\/tr>\n<\/tbody>\n<\/table>\n<p>&nbsp;<\/p>\n","protected":false},"excerpt":{"rendered":"<p>Submiss\u00e3o dos trabalhos selecionados pelos PPGEPs At\u00e9 30 de Maio de 2024 Prorrogado para 14 de Junho de 2024 Homologa\u00e7\u00e3o das submiss\u00f5es e Programa\u00e7\u00e3o preliminar At\u00e9 2 semanas ap\u00f3s o encerramento do prazo de submiss\u00e3o Programa\u00e7\u00e3o final Agosto de 2024 Inscri\u00e7\u00f5es com valor promocional At\u00e9 01 de Setembro de 2024 Inscri\u00e7\u00f5es At\u00e9 24 de Setembro &hellip; <\/p>\n","protected":false},"author":1,"featured_media":0,"parent":0,"menu_order":0,"comment_status":"closed","ping_status":"closed","template":"","meta":{"footnotes":""},"class_list":["post-17","page","type-page","status-publish","hentry"],"_links":{"self":[{"href":"https:\/\/www.anpepro.org.br\/eppgep2024\/wp-json\/wp\/v2\/pages\/17","targetHints":{"allow":["GET"]}}],"collection":[{"href":"https:\/\/www.anpepro.org.br\/eppgep2024\/wp-json\/wp\/v2\/pages"}],"about":[{"href":"https:\/\/www.anpepro.org.br\/eppgep2024\/wp-json\/wp\/v2\/types\/page"}],"author":[{"embeddable":true,"href":"https:\/\/www.anpepro.org.br\/eppgep2024\/wp-json\/wp\/v2\/users\/1"}],"replies":[{"embeddable":true,"href":"https:\/\/www.anpepro.org.br\/eppgep2024\/wp-json\/wp\/v2\/comments?post=17"}],"version-history":[{"count":25,"href":"https:\/\/www.anpepro.org.br\/eppgep2024\/wp-json\/wp\/v2\/pages\/17\/revisions"}],"predecessor-version":[{"id":519,"href":"https:\/\/www.anpepro.org.br\/eppgep2024\/wp-json\/wp\/v2\/pages\/17\/revisions\/519"}],"wp:attachment":[{"href":"https:\/\/www.anpepro.org.br\/eppgep2024\/wp-json\/wp\/v2\/media?parent=17"}],"curies":[{"name":"wp","href":"https:\/\/api.w.org\/{rel}","templated":true}]}}