{"id":153,"date":"2022-10-17T14:15:27","date_gmt":"2022-10-17T17:15:27","guid":{"rendered":"http:\/\/www.anpepro.org.br\/eppgep2023\/?page_id=153"},"modified":"2025-03-12T13:32:36","modified_gmt":"2025-03-12T16:32:36","slug":"programacao","status":"publish","type":"page","link":"https:\/\/www.anpepro.org.br\/eppgep2024\/programacao\/","title":{"rendered":"Programa\u00e7\u00e3o"},"content":{"rendered":"<h2><strong>Livro de Resumos<\/strong><\/h2>\n<ul>\n<li><a href=\"http:\/\/www.anpepro.org.br\/eppgep2024\/wp-content\/uploads\/2025\/03\/Anais-IX-EPPGEP-2024.pdf\">Livro com os Resumos do EPPGEP 2024<\/a><\/li>\n<\/ul>\n<h2><strong>Programa\u00e7\u00e3o Completa<\/strong><\/h2>\n<ul>\n<li><a href=\"http:\/\/www.anpepro.org.br\/eppgep2024\/wp-content\/uploads\/2024\/10\/Evento-2024-Programacao-Completa-Final.pdf\">Programa\u00e7\u00e3o Completa Final<\/a><\/li>\n<li><a href=\"http:\/\/www.anpepro.org.br\/eppgep2024\/wp-content\/uploads\/2024\/09\/Orientacoes-para-apresentacao-de-trabalhos-no-EPPGEP-2024.pdf\">Orienta\u00e7\u00f5es para apresenta\u00e7\u00f5es de trabalhos<\/a><\/li>\n<\/ul>\n<h2><strong>Hor\u00e1rios<\/strong><\/h2>\n<ul>\n<li>Credenciamento: <strong>a partir de 08h30<\/strong><\/li>\n<li>Programa\u00e7\u00e3o:\n<ul>\n<li>Dias 25\/09 e 26\/09: <strong>9h00 \u00e0s 19h:00<\/strong><\/li>\n<li>Dia 27\/09: <strong>8h00 \u00e0s 14h30<\/strong><\/li>\n<\/ul>\n<\/li>\n<\/ul>\n<h2><strong>Homologa\u00e7\u00e3o das Submiss\u00f5es<\/strong><\/h2>\n<ul>\n<li><a href=\"http:\/\/www.anpepro.org.br\/eppgep2024\/wp-content\/uploads\/2024\/06\/EPPGEP-2024-Trabalhos-homologados-Lista-Final.pdf\">Homologac\u0327a\u0303o do resultado dos trabalhos submetidos ao EPPGEP 2024<\/a><\/li>\n<\/ul>\n","protected":false},"excerpt":{"rendered":"<p>Livro de Resumos Livro com os Resumos do EPPGEP 2024 Programa\u00e7\u00e3o Completa Programa\u00e7\u00e3o Completa Final Orienta\u00e7\u00f5es para apresenta\u00e7\u00f5es de trabalhos Hor\u00e1rios Credenciamento: a partir de 08h30 Programa\u00e7\u00e3o: Dias 25\/09 e 26\/09: 9h00 \u00e0s 19h:00 Dia 27\/09: 8h00 \u00e0s 14h30 Homologa\u00e7\u00e3o das Submiss\u00f5es Homologac\u0327a\u0303o do resultado dos trabalhos submetidos ao EPPGEP 2024<\/p>\n","protected":false},"author":2,"featured_media":0,"parent":0,"menu_order":0,"comment_status":"closed","ping_status":"closed","template":"","meta":{"footnotes":""},"class_list":["post-153","page","type-page","status-publish","hentry"],"_links":{"self":[{"href":"https:\/\/www.anpepro.org.br\/eppgep2024\/wp-json\/wp\/v2\/pages\/153","targetHints":{"allow":["GET"]}}],"collection":[{"href":"https:\/\/www.anpepro.org.br\/eppgep2024\/wp-json\/wp\/v2\/pages"}],"about":[{"href":"https:\/\/www.anpepro.org.br\/eppgep2024\/wp-json\/wp\/v2\/types\/page"}],"author":[{"embeddable":true,"href":"https:\/\/www.anpepro.org.br\/eppgep2024\/wp-json\/wp\/v2\/users\/2"}],"replies":[{"embeddable":true,"href":"https:\/\/www.anpepro.org.br\/eppgep2024\/wp-json\/wp\/v2\/comments?post=153"}],"version-history":[{"count":50,"href":"https:\/\/www.anpepro.org.br\/eppgep2024\/wp-json\/wp\/v2\/pages\/153\/revisions"}],"predecessor-version":[{"id":581,"href":"https:\/\/www.anpepro.org.br\/eppgep2024\/wp-json\/wp\/v2\/pages\/153\/revisions\/581"}],"wp:attachment":[{"href":"https:\/\/www.anpepro.org.br\/eppgep2024\/wp-json\/wp\/v2\/media?parent=153"}],"curies":[{"name":"wp","href":"https:\/\/api.w.org\/{rel}","templated":true}]}}