{"id":11,"date":"2022-10-11T11:04:35","date_gmt":"2022-10-11T14:04:35","guid":{"rendered":"http:\/\/www.anpepro.org.br\/eppgep2023\/?page_id=11"},"modified":"2025-03-12T12:07:41","modified_gmt":"2025-03-12T15:07:41","slug":"inscricao","status":"publish","type":"page","link":"https:\/\/www.anpepro.org.br\/eppgep2024\/inscricao\/","title":{"rendered":"Inscri\u00e7\u00e3o"},"content":{"rendered":"<p>Para se inscrever nos eventos, o (a) interessado (a) deve preencher o Formul\u00e1rio de Inscri\u00e7\u00e3o online, anexando o comprovante de pagamento.<\/p>\n<p><strong>O pagamento da inscri\u00e7\u00e3o no ENPPEPRO&nbsp; garante a participa\u00e7\u00e3o no EPPGEP. Pagamento \u00fanico para os dois eventos.<\/strong><\/p>\n<p>&nbsp;<\/p>\n<p>Valores de inscri\u00e7\u00e3o:<\/p>\n<ul>\n<li>Estudante (at\u00e9 01 de Setembro): R$ 275,00<\/li>\n<li>Estudante (ap\u00f3s 01 de Setembro): R$ 300,00<\/li>\n<li>Docente\/Profissional (at\u00e9 01 de Setembro): R$ 385,00<\/li>\n<li>Docente\/Profissional (ap\u00f3s 01 de Setembro): R$ 425,00<\/li>\n<\/ul>\n<h3><strong>PAGAMENTO E INSCRI\u00c7\u00c3O<\/strong><\/h3>\n<p style=\"text-align: center;\"><a class=\"fasc-button fasc-size-xlarge fasc-type-glossy fasc-rounded-medium\" style=\"background-color: #33809e; color: #ffffff;\" target=\"_blank\" href=\"\" rel=\"noopener\">Inscri\u00e7\u00e3o encerrada!<\/a>&nbsp;<\/p>\n","protected":false},"excerpt":{"rendered":"<p>Para se inscrever nos eventos, o (a) interessado (a) deve preencher o Formul\u00e1rio de Inscri\u00e7\u00e3o online, anexando o comprovante de pagamento. O pagamento da inscri\u00e7\u00e3o no ENPPEPRO&nbsp; garante a participa\u00e7\u00e3o no EPPGEP. Pagamento \u00fanico para os dois eventos. &nbsp; Valores de inscri\u00e7\u00e3o: Estudante (at\u00e9 01 de Setembro): R$ 275,00 Estudante (ap\u00f3s 01 de Setembro): R$ &hellip; <\/p>\n","protected":false},"author":1,"featured_media":0,"parent":0,"menu_order":0,"comment_status":"closed","ping_status":"closed","template":"","meta":{"footnotes":""},"class_list":["post-11","page","type-page","status-publish","hentry"],"_links":{"self":[{"href":"https:\/\/www.anpepro.org.br\/eppgep2024\/wp-json\/wp\/v2\/pages\/11","targetHints":{"allow":["GET"]}}],"collection":[{"href":"https:\/\/www.anpepro.org.br\/eppgep2024\/wp-json\/wp\/v2\/pages"}],"about":[{"href":"https:\/\/www.anpepro.org.br\/eppgep2024\/wp-json\/wp\/v2\/types\/page"}],"author":[{"embeddable":true,"href":"https:\/\/www.anpepro.org.br\/eppgep2024\/wp-json\/wp\/v2\/users\/1"}],"replies":[{"embeddable":true,"href":"https:\/\/www.anpepro.org.br\/eppgep2024\/wp-json\/wp\/v2\/comments?post=11"}],"version-history":[{"count":33,"href":"https:\/\/www.anpepro.org.br\/eppgep2024\/wp-json\/wp\/v2\/pages\/11\/revisions"}],"predecessor-version":[{"id":579,"href":"https:\/\/www.anpepro.org.br\/eppgep2024\/wp-json\/wp\/v2\/pages\/11\/revisions\/579"}],"wp:attachment":[{"href":"https:\/\/www.anpepro.org.br\/eppgep2024\/wp-json\/wp\/v2\/media?parent=11"}],"curies":[{"name":"wp","href":"https:\/\/api.w.org\/{rel}","templated":true}]}}