{"id":153,"date":"2022-10-17T14:15:27","date_gmt":"2022-10-17T17:15:27","guid":{"rendered":"http:\/\/www.anpepro.org.br\/eppgep2023\/?page_id=153"},"modified":"2024-03-25T22:50:34","modified_gmt":"2024-03-26T01:50:34","slug":"programacao","status":"publish","type":"page","link":"https:\/\/www.anpepro.org.br\/eppgep2023\/programacao\/","title":{"rendered":"Programa\u00e7\u00e3o"},"content":{"rendered":"<h2><strong>Livro de Resumos<\/strong><\/h2>\n<ul>\n<li><a href=\"http:\/\/www.anpepro.org.br\/eppgep2023\/wp-content\/uploads\/2024\/03\/Proceedings-EPPGEP-2023.pdf\">Livro com os Resumos do EPPGEP 2023<\/a><\/li>\n<\/ul>\n<h2><strong>Programa\u00e7\u00e3o Completa<\/strong><\/h2>\n<ul>\n<li><a href=\"http:\/\/www.anpepro.org.br\/eppgep2023\/wp-content\/uploads\/2023\/10\/Programacao-completa-EPPGEP-e-ENPPEPRO-Final.pdf\">Programa\u00e7\u00e3o Completa<\/a><\/li>\n<li><a href=\"http:\/\/www.anpepro.org.br\/eppgep2023\/wp-content\/uploads\/2023\/09\/Orientacoes-para-apresentacao-de-trabalhos.pdf\">Orienta\u00e7\u00f5es para apresenta\u00e7\u00f5es de trabalhos<\/a><\/li>\n<li>Apresenta\u00e7\u00e3o de trabalhos EPPGEP e plen\u00e1rias ENPEPPRO (27 a 29 de Setembro de 2023)<\/li>\n<li>Assembl\u00e9ia ANPEPRO, plen\u00e1rias ENPEPPRO e premia\u00e7\u00e3o EPPGEP (29 de Setembro de 2023)<\/li>\n<\/ul>\n<h2><strong>Hor\u00e1rios<\/strong><\/h2>\n<ul>\n<li>27 e 28 de Setembro (9-18h)<\/li>\n<li>29 de Setembro (9-14:30h)<\/li>\n<\/ul>\n<h2><strong>Homologa\u00e7\u00e3o das Submiss\u00f5es<\/strong><\/h2>\n<ul>\n<li><a href=\"http:\/\/www.anpepro.org.br\/eppgep2023\/wp-content\/uploads\/2023\/06\/Homologacao-Resultados-EPPGEP-2023-1.pdf\">Homologac\u0327a\u0303o do resultado dos trabalhos submetidos ao EPPGEP 2023<\/a><\/li>\n<\/ul>\n","protected":false},"excerpt":{"rendered":"<p>Livro de Resumos Livro com os Resumos do EPPGEP 2023 Programa\u00e7\u00e3o Completa Programa\u00e7\u00e3o Completa Orienta\u00e7\u00f5es para apresenta\u00e7\u00f5es de trabalhos Apresenta\u00e7\u00e3o de trabalhos EPPGEP e plen\u00e1rias ENPEPPRO (27 a 29 de Setembro de 2023) Assembl\u00e9ia ANPEPRO, plen\u00e1rias ENPEPPRO e premia\u00e7\u00e3o EPPGEP (29 de Setembro de 2023) Hor\u00e1rios 27 e 28 de Setembro (9-18h) 29 de Setembro &hellip; <\/p>\n","protected":false},"author":2,"featured_media":0,"parent":0,"menu_order":0,"comment_status":"closed","ping_status":"closed","template":"","meta":{"footnotes":""},"class_list":["post-153","page","type-page","status-publish","hentry"],"_links":{"self":[{"href":"https:\/\/www.anpepro.org.br\/eppgep2023\/wp-json\/wp\/v2\/pages\/153","targetHints":{"allow":["GET"]}}],"collection":[{"href":"https:\/\/www.anpepro.org.br\/eppgep2023\/wp-json\/wp\/v2\/pages"}],"about":[{"href":"https:\/\/www.anpepro.org.br\/eppgep2023\/wp-json\/wp\/v2\/types\/page"}],"author":[{"embeddable":true,"href":"https:\/\/www.anpepro.org.br\/eppgep2023\/wp-json\/wp\/v2\/users\/2"}],"replies":[{"embeddable":true,"href":"https:\/\/www.anpepro.org.br\/eppgep2023\/wp-json\/wp\/v2\/comments?post=153"}],"version-history":[{"count":30,"href":"https:\/\/www.anpepro.org.br\/eppgep2023\/wp-json\/wp\/v2\/pages\/153\/revisions"}],"predecessor-version":[{"id":441,"href":"https:\/\/www.anpepro.org.br\/eppgep2023\/wp-json\/wp\/v2\/pages\/153\/revisions\/441"}],"wp:attachment":[{"href":"https:\/\/www.anpepro.org.br\/eppgep2023\/wp-json\/wp\/v2\/media?parent=153"}],"curies":[{"name":"wp","href":"https:\/\/api.w.org\/{rel}","templated":true}]}}